{"id":22,"date":"2025-12-27T16:50:42","date_gmt":"2025-12-27T16:50:42","guid":{"rendered":"https:\/\/lightgreen-snake-843508.hostingersite.com\/home\/"},"modified":"2026-01-25T17:21:38","modified_gmt":"2026-01-25T17:21:38","slug":"home","status":"publish","type":"page","link":"https:\/\/torreblancastudio.com\/","title":{"rendered":"Home"},"content":{"rendered":"\t\t<div data-elementor-type=\"wp-page\" data-elementor-id=\"22\" class=\"elementor elementor-22\">\n\t\t\t\t<div class=\"elementor-element elementor-element-5eab689 hostinger-ai-hero-for-online-store-5 e-flex e-con-boxed e-con e-parent\" data-id=\"5eab689\" data-element_type=\"container\">\n\t\t\t\t\t<div class=\"e-con-inner\">\n\t\t<div class=\"elementor-element elementor-element-5c90288 e-grid e-con-full e-con e-child\" data-id=\"5c90288\" data-element_type=\"container\">\n\t\t<div class=\"elementor-element elementor-element-25a6ca8 is-light has-white-color hostinger-ai-cover-image hostinger-index-2 e-con-full e-flex e-con e-child\" data-id=\"25a6ca8\" data-element_type=\"container\" data-settings=\"{&quot;background_background&quot;:&quot;classic&quot;}\">\n\t\t\t\t<div class=\"elementor-element elementor-element-27b0ae7 hostinger-ai-subtitle hostinger-index-3 elementor-widget elementor-widget-heading\" data-id=\"27b0ae7\" data-element_type=\"widget\" data-widget_type=\"heading.default\">\n\t\t\t\t\t<p class=\"elementor-heading-title elementor-size-default\">Essentials Only<\/p>\t\t\t\t<\/div>\n\t\t\t\t<div class=\"elementor-element elementor-element-0f9b221 hostinger-ai-title hostinger-index-7 elementor-widget elementor-widget-heading\" data-id=\"0f9b221\" data-element_type=\"widget\" data-widget_type=\"heading.default\">\n\t\t\t\t\t<h2 class=\"elementor-heading-title elementor-size-default\">Strong Pieces<\/h2>\t\t\t\t<\/div>\n\t\t\t\t<div class=\"elementor-element elementor-element-64c0089 hostinger-ai-cta-button hostinger-index-7 elementor-widget elementor-widget-button\" data-id=\"64c0089\" data-element_type=\"widget\" data-widget_type=\"button.default\">\n\t\t\t\t\t\t\t\t\t\t<a class=\"elementor-button elementor-button-link elementor-size-sm\" href=\"https:\/\/torreblancastudio.com\/shop\/\" target=\"_blank\">\n\t\t\t\t\t\t<span class=\"elementor-button-content-wrapper\">\n\t\t\t\t\t\t\t\t\t<span class=\"elementor-button-text\">Shop Now<\/span>\n\t\t\t\t\t<\/span>\n\t\t\t\t\t<\/a>\n\t\t\t\t\t\t\t\t<\/div>\n\t\t\t\t<\/div>\n\t\t<div class=\"elementor-element elementor-element-8a863dc is-light has-white-color hostinger-ai-cover-image hostinger-index-2 e-con-full e-flex e-con e-child\" data-id=\"8a863dc\" data-element_type=\"container\" data-settings=\"{&quot;background_background&quot;:&quot;classic&quot;}\">\n\t\t\t\t<div class=\"elementor-element elementor-element-1d9c91a hostinger-ai-subtitle hostinger-index-2 elementor-widget elementor-widget-heading\" data-id=\"1d9c91a\" data-element_type=\"widget\" data-widget_type=\"heading.default\">\n\t\t\t\t\t<p class=\"elementor-heading-title elementor-size-default\">Impeccable Cuts<\/p>\t\t\t\t<\/div>\n\t\t\t\t<div class=\"elementor-element elementor-element-72c4464 hostinger-ai-title hostinger-index-6 elementor-widget elementor-widget-heading\" data-id=\"72c4464\" data-element_type=\"widget\" data-widget_type=\"heading.default\">\n\t\t\t\t\t<h2 class=\"elementor-heading-title elementor-size-default\">Make A Difference<\/h2>\t\t\t\t<\/div>\n\t\t\t\t<div class=\"elementor-element elementor-element-341053c hostinger-ai-cta-button hostinger-index-6 elementor-widget elementor-widget-button\" data-id=\"341053c\" data-element_type=\"widget\" data-widget_type=\"button.default\">\n\t\t\t\t\t\t\t\t\t\t<a class=\"elementor-button elementor-button-link elementor-size-sm\" href=\"https:\/\/torreblancastudio.com\/shop\/\">\n\t\t\t\t\t\t<span class=\"elementor-button-content-wrapper\">\n\t\t\t\t\t\t\t\t\t<span class=\"elementor-button-text\">Browse<\/span>\n\t\t\t\t\t<\/span>\n\t\t\t\t\t<\/a>\n\t\t\t\t\t\t\t\t<\/div>\n\t\t\t\t<\/div>\n\t\t\t\t<\/div>\n\t\t\t\t\t<\/div>\n\t\t\t\t<\/div>\n\t\t<div class=\"elementor-element elementor-element-533d225 e-grid hostinger-ai-product-category-2 e-con-boxed e-con e-parent\" data-id=\"533d225\" data-element_type=\"container\">\n\t\t\t\t\t<div class=\"e-con-inner\">\n\t\t<div class=\"elementor-element elementor-element-e041aa4 e-con-full e-grid e-con e-child\" data-id=\"e041aa4\" data-element_type=\"container\" data-settings=\"{&quot;background_background&quot;:&quot;classic&quot;}\">\n\t\t<div class=\"elementor-element elementor-element-bae6421 e-con-full is-light has-white-color hostinger-ai-cover-image hostinger-index-2 e-flex e-con e-child\" data-id=\"bae6421\" data-element_type=\"container\" data-settings=\"{&quot;background_background&quot;:&quot;classic&quot;}\">\n\t\t\t\t<div class=\"elementor-element elementor-element-b3cda9f hostinger-ai-title hostinger-index-2 elementor-widget elementor-widget-heading\" data-id=\"b3cda9f\" data-element_type=\"widget\" data-widget_type=\"heading.default\">\n\t\t\t\t\t<h2 class=\"elementor-heading-title elementor-size-default\">The Vibe<\/h2>\t\t\t\t<\/div>\n\t\t\t\t<div class=\"elementor-element elementor-element-be81cff hostinger-ai-cta-button hostinger-index-2 elementor-widget elementor-widget-button\" data-id=\"be81cff\" data-element_type=\"widget\" data-widget_type=\"button.default\">\n\t\t\t\t\t\t\t\t\t\t<a class=\"elementor-button elementor-button-link elementor-size-sm\" href=\"https:\/\/torreblancastudio.com\/shop\/\">\n\t\t\t\t\t\t<span class=\"elementor-button-content-wrapper\">\n\t\t\t\t\t\t\t\t\t<span class=\"elementor-button-text\">See More<\/span>\n\t\t\t\t\t<\/span>\n\t\t\t\t\t<\/a>\n\t\t\t\t\t\t\t\t<\/div>\n\t\t\t\t<\/div>\n\t\t<div class=\"elementor-element elementor-element-689e402 e-con-full is-light has-white-color hostinger-ai-cover-image hostinger-index-3 e-flex e-con e-child\" data-id=\"689e402\" data-element_type=\"container\" data-settings=\"{&quot;background_background&quot;:&quot;classic&quot;}\">\n\t\t\t\t<div class=\"elementor-element elementor-element-7fd3e84 hostinger-ai-title hostinger-index-3 elementor-widget elementor-widget-heading\" data-id=\"7fd3e84\" data-element_type=\"widget\" data-widget_type=\"heading.default\">\n\t\t\t\t\t<h2 class=\"elementor-heading-title elementor-size-default\">The Moment<\/h2>\t\t\t\t<\/div>\n\t\t\t\t<div class=\"elementor-element elementor-element-6fe28ef hostinger-ai-cta-button hostinger-index-3 elementor-widget elementor-widget-button\" data-id=\"6fe28ef\" data-element_type=\"widget\" data-widget_type=\"button.default\">\n\t\t\t\t\t\t\t\t\t\t<a class=\"elementor-button elementor-button-link elementor-size-sm\" href=\"https:\/\/torreblancastudio.com\/shop\/\">\n\t\t\t\t\t\t<span class=\"elementor-button-content-wrapper\">\n\t\t\t\t\t\t\t\t\t<span class=\"elementor-button-text\">See More<\/span>\n\t\t\t\t\t<\/span>\n\t\t\t\t\t<\/a>\n\t\t\t\t\t\t\t\t<\/div>\n\t\t\t\t<\/div>\n\t\t<div class=\"elementor-element elementor-element-866cec7 e-con-full is-light has-white-color hostinger-ai-cover-image hostinger-index-4 e-flex e-con e-child\" data-id=\"866cec7\" data-element_type=\"container\" data-settings=\"{&quot;background_background&quot;:&quot;classic&quot;}\">\n\t\t\t\t<div class=\"elementor-element elementor-element-9f4961b hostinger-ai-title hostinger-index-4 elementor-widget elementor-widget-heading\" data-id=\"9f4961b\" data-element_type=\"widget\" data-widget_type=\"heading.default\">\n\t\t\t\t\t<h2 class=\"elementor-heading-title elementor-size-default\">The Feel<\/h2>\t\t\t\t<\/div>\n\t\t\t\t<div class=\"elementor-element elementor-element-d9bbd78 hostinger-ai-cta-button hostinger-index-4 elementor-widget elementor-widget-button\" data-id=\"d9bbd78\" data-element_type=\"widget\" data-widget_type=\"button.default\">\n\t\t\t\t\t\t\t\t\t\t<a class=\"elementor-button elementor-button-link elementor-size-sm\" href=\"https:\/\/torreblancastudio.com\/shop\/\">\n\t\t\t\t\t\t<span class=\"elementor-button-content-wrapper\">\n\t\t\t\t\t\t\t\t\t<span class=\"elementor-button-text\">See More<\/span>\n\t\t\t\t\t<\/span>\n\t\t\t\t\t<\/a>\n\t\t\t\t\t\t\t\t<\/div>\n\t\t\t\t<\/div>\n\t\t\t\t<\/div>\n\t\t\t\t\t<\/div>\n\t\t\t\t<\/div>\n\t\t<div class=\"elementor-element elementor-element-7867da8 e-grid e-con-full hostinger-product-list e-con e-parent\" data-id=\"7867da8\" data-element_type=\"container\">\n\t\t<div class=\"elementor-element elementor-element-87f2589 e-flex e-con-boxed e-con e-child\" data-id=\"87f2589\" data-element_type=\"container\">\n\t\t\t\t\t<div class=\"e-con-inner\">\n\t\t\t\t<div class=\"elementor-element elementor-element-ffc2b31 hostinger-ai-title elementor-widget elementor-widget-heading\" data-id=\"ffc2b31\" data-element_type=\"widget\" data-widget_type=\"heading.default\">\n\t\t\t\t\t<h2 class=\"elementor-heading-title elementor-size-default\">Our Picks<\/h2>\t\t\t\t<\/div>\n\t\t\t\t<div class=\"elementor-element elementor-element-9a280ab elementor-widget elementor-widget-shortcode\" data-id=\"9a280ab\" data-element_type=\"widget\" data-widget_type=\"shortcode.default\">\n\t\t\t\t\t\t\t<div class=\"elementor-shortcode\">[products limit=\"4\" columns=\"4\" orderby=\"date\" order=\"DESC\"]<\/div>\n\t\t\t\t\t\t<\/div>\n\t\t\t\t<div class=\"elementor-element elementor-element-29944a2 hostinger-ai-cta-button elementor-widget elementor-widget-button\" data-id=\"29944a2\" data-element_type=\"widget\" data-widget_type=\"button.default\">\n\t\t\t\t\t\t\t\t\t\t<a class=\"elementor-button elementor-button-link elementor-size-sm\" href=\"https:\/\/lightgreen-snake-843508.hostingersite.com\/shop\/\">\n\t\t\t\t\t\t<span class=\"elementor-button-content-wrapper\">\n\t\t\t\t\t\t\t\t\t<span class=\"elementor-button-text\">See the collection<\/span>\n\t\t\t\t\t<\/span>\n\t\t\t\t\t<\/a>\n\t\t\t\t\t\t\t\t<\/div>\n\t\t\t\t\t<\/div>\n\t\t\t\t<\/div>\n\t\t\t\t<\/div>\n\t\t<div class=\"elementor-element elementor-element-73ec1aa e-flex e-con-boxed e-con e-parent\" data-id=\"73ec1aa\" data-element_type=\"container\">\n\t\t\t\t\t<div class=\"e-con-inner\">\n\t\t\t\t<div class=\"elementor-element elementor-element-a01ea9b hostinger-ai-cta-button elementor-widget elementor-widget-button\" data-id=\"a01ea9b\" data-element_type=\"widget\" data-widget_type=\"button.default\">\n\t\t\t\t\t\t\t\t\t\t<a class=\"elementor-button elementor-button-link elementor-size-sm\" href=\"https:\/\/lightgreen-snake-843508.hostingersite.com\/shop\/\">\n\t\t\t\t\t\t<span class=\"elementor-button-content-wrapper\">\n\t\t\t\t\t\t\t\t\t<span class=\"elementor-button-text\">See the collection<\/span>\n\t\t\t\t\t<\/span>\n\t\t\t\t\t<\/a>\n\t\t\t\t\t\t\t\t<\/div>\n\t\t\t\t\t<\/div>\n\t\t\t\t<\/div>\n\t\t<div class=\"elementor-element elementor-element-78d7815 e-flex e-con-boxed e-con e-parent\" data-id=\"78d7815\" data-element_type=\"container\">\n\t\t\t\t\t<div class=\"e-con-inner\">\n\t\t\t\t<div class=\"elementor-element elementor-element-bad333e elementor-widget elementor-widget-heading\" data-id=\"bad333e\" data-element_type=\"widget\" data-widget_type=\"heading.default\">\n\t\t\t\t\t<h2 class=\"elementor-heading-title elementor-size-default\">About Us <\/h2>\t\t\t\t<\/div>\n\t\t\t\t<div class=\"elementor-element elementor-element-94757e9 elementor-widget elementor-widget-heading\" data-id=\"94757e9\" data-element_type=\"widget\" data-widget_type=\"heading.default\">\n\t\t\t\t\t<h2 class=\"elementor-heading-title elementor-size-default\">Bienvenue dans un espace o\u00f9 chaque clic a \u00e9t\u00e9 pens\u00e9, chaque couleur pes\u00e9e, et chaque tendance filtr\u00e9e.\n<br>\n\nTorreblanca Studio : La signature d'un regard.<br><\/h2>\t\t\t\t<\/div>\n\t\t\t\t\t<\/div>\n\t\t\t\t<\/div>\n\t\t<div class=\"elementor-element elementor-element-c42c93c e-flex e-con-boxed e-con e-parent\" data-id=\"c42c93c\" data-element_type=\"container\">\n\t\t\t\t\t<div class=\"e-con-inner\">\n\t\t\t\t<div class=\"elementor-element elementor-element-db9ab33 elementor-widget elementor-widget-wp-widget-pages\" data-id=\"db9ab33\" data-element_type=\"widget\" data-widget_type=\"wp-widget-pages.default\">\n\t\t\t\t<div class=\"elementor-widget-container\">\n\t\t\t\t\t<h5>Pages<\/h5>\n\t\t\t<ul>\n\t\t\t\t<li class=\"page_item page-item-23\"><a href=\"https:\/\/torreblancastudio.com\/?page_id=23\">About<\/a><\/li>\n<li class=\"page_item page-item-22\"><a href=\"https:\/\/torreblancastudio.com\/\">Home<\/a><\/li>\n<li class=\"page_item page-item-27\"><a href=\"https:\/\/torreblancastudio.com\/?page_id=27\">Mon compte<\/a><\/li>\n<li class=\"page_item page-item-21\"><a href=\"https:\/\/torreblancastudio.com\/?page_id=21\">Shop<\/a><\/li>\n<li class=\"page_item page-item-24\"><a href=\"https:\/\/torreblancastudio.com\/?page_id=24\">Terms &#038; Conditions<\/a><\/li>\n\t\t\t<\/ul>\n\n\t\t\t\t\t\t\t<\/div>\n\t\t\t\t<\/div>\n\t\t\t\t\t<\/div>\n\t\t\t\t<\/div>\n\t\t<div class=\"elementor-element elementor-element-8e61341 e-flex e-con-boxed e-con e-parent\" data-id=\"8e61341\" data-element_type=\"container\">\n\t\t\t\t\t<div class=\"e-con-inner\">\n\t\t\t\t\t<\/div>\n\t\t\t\t<\/div>\n\t\t<div class=\"elementor-element elementor-element-3cfb003 e-flex e-con-boxed e-con e-parent\" data-id=\"3cfb003\" data-element_type=\"container\">\n\t\t\t\t\t<div class=\"e-con-inner\">\n\t\t<div class=\"elementor-element elementor-element-4f538c9 e-con-full e-flex e-con e-child\" data-id=\"4f538c9\" data-element_type=\"container\">\n\t\t\t\t<div class=\"elementor-element elementor-element-3395085 elementor-widget__width-initial elementor-widget elementor-widget-image\" data-id=\"3395085\" data-element_type=\"widget\" data-widget_type=\"image.default\">\n\t\t\t\t\t\t\t\t\t\t\t\t\t\t\t<img fetchpriority=\"high\" decoding=\"async\" width=\"800\" height=\"1202\" src=\"https:\/\/torreblancastudio.com\/wp-content\/uploads\/2026\/01\/IMG_0754.jpeg\" class=\"attachment-2048x2048 size-2048x2048 wp-image-59\" alt=\"\" srcset=\"https:\/\/torreblancastudio.com\/wp-content\/uploads\/2026\/01\/IMG_0754.jpeg 800w, https:\/\/torreblancastudio.com\/wp-content\/uploads\/2026\/01\/IMG_0754-200x300.jpeg 200w, https:\/\/torreblancastudio.com\/wp-content\/uploads\/2026\/01\/IMG_0754-682x1024.jpeg 682w, https:\/\/torreblancastudio.com\/wp-content\/uploads\/2026\/01\/IMG_0754-768x1154.jpeg 768w, https:\/\/torreblancastudio.com\/wp-content\/uploads\/2026\/01\/IMG_0754-600x902.jpeg 600w\" sizes=\"(max-width: 800px) 100vw, 800px\" \/>\t\t\t\t\t\t\t\t\t\t\t\t\t\t\t<\/div>\n\t\t\t\t<\/div>\n\t\t<div class=\"elementor-element elementor-element-602eaf6 e-con-full e-flex e-con e-child\" data-id=\"602eaf6\" data-element_type=\"container\">\n\t\t\t\t<div class=\"elementor-element elementor-element-0ea05c2 elementor-widget elementor-widget-image\" data-id=\"0ea05c2\" data-element_type=\"widget\" data-widget_type=\"image.default\">\n\t\t\t\t\t\t\t\t\t\t\t\t\t\t\t<img decoding=\"async\" width=\"474\" height=\"738\" src=\"https:\/\/torreblancastudio.com\/wp-content\/uploads\/2026\/01\/IMG_0755.jpeg\" class=\"attachment-2048x2048 size-2048x2048 wp-image-60\" alt=\"\" srcset=\"https:\/\/torreblancastudio.com\/wp-content\/uploads\/2026\/01\/IMG_0755.jpeg 474w, https:\/\/torreblancastudio.com\/wp-content\/uploads\/2026\/01\/IMG_0755-193x300.jpeg 193w\" sizes=\"(max-width: 474px) 100vw, 474px\" \/>\t\t\t\t\t\t\t\t\t\t\t\t\t\t\t<\/div>\n\t\t\t\t<\/div>\n\t\t\t\t\t<\/div>\n\t\t\t\t<\/div>\n\t\t\t\t<\/div>\n\t\t","protected":false},"excerpt":{"rendered":"<p>Essentials Only Strong Pieces Shop Now Impeccable Cuts Make A Difference Browse The Vibe See More The Moment See More The Feel See More Our Picks [products limit=\u00a0\u00bb4&Prime; columns=\u00a0\u00bb4&Prime; orderby=\u00a0\u00bbdate\u00a0\u00bb order=\u00a0\u00bbDESC\u00a0\u00bb] See the collection See the collection About Us Bienvenue dans un espace o\u00f9 chaque clic a \u00e9t\u00e9 pens\u00e9, chaque couleur pes\u00e9e, et chaque tendance [&hellip;]<\/p>\n","protected":false},"author":1,"featured_media":0,"parent":0,"menu_order":0,"comment_status":"closed","ping_status":"closed","template":"","meta":{"footnotes":""},"class_list":["post-22","page","type-page","status-publish","hentry"],"_hostinger_reach_plugin_has_subscription_block":false,"_hostinger_reach_plugin_is_elementor":false,"_links":{"self":[{"href":"https:\/\/torreblancastudio.com\/index.php?rest_route=\/wp\/v2\/pages\/22","targetHints":{"allow":["GET"]}}],"collection":[{"href":"https:\/\/torreblancastudio.com\/index.php?rest_route=\/wp\/v2\/pages"}],"about":[{"href":"https:\/\/torreblancastudio.com\/index.php?rest_route=\/wp\/v2\/types\/page"}],"author":[{"embeddable":true,"href":"https:\/\/torreblancastudio.com\/index.php?rest_route=\/wp\/v2\/users\/1"}],"replies":[{"embeddable":true,"href":"https:\/\/torreblancastudio.com\/index.php?rest_route=%2Fwp%2Fv2%2Fcomments&post=22"}],"version-history":[{"count":9,"href":"https:\/\/torreblancastudio.com\/index.php?rest_route=\/wp\/v2\/pages\/22\/revisions"}],"predecessor-version":[{"id":77,"href":"https:\/\/torreblancastudio.com\/index.php?rest_route=\/wp\/v2\/pages\/22\/revisions\/77"}],"wp:attachment":[{"href":"https:\/\/torreblancastudio.com\/index.php?rest_route=%2Fwp%2Fv2%2Fmedia&parent=22"}],"curies":[{"name":"wp","href":"https:\/\/api.w.org\/{rel}","templated":true}]}}